{"id":3,"date":"2026-01-14T20:59:13","date_gmt":"2026-01-14T20:59:13","guid":{"rendered":"https:\/\/comunicativo.es\/?page_id=3"},"modified":"2026-02-04T11:30:16","modified_gmt":"2026-02-04T11:30:16","slug":"politica-privacidad","status":"publish","type":"page","link":"https:\/\/comunicativo.es\/?page_id=3","title":{"rendered":"Pol\u00edtica de privacidad."},"content":{"rendered":"\n<p>Muchas gracias por pasarte a leer este tocho, eso significa que tus datos te importan, y quieres conocer el destino de los mismos y qui\u00e9n los recoge, as\u00ed que aunque es algo legal y aburrido el hecho de que lo leas para m\u00ed ya es importante.<\/p>\n\n\n\n<p>De conformidad con lo dispuesto en el Reglamento general de protecci\u00f3n de datos (EU) 2016\/679 (en adelante, RGPD) relativo a la protecci\u00f3n de las personas f\u00edsicas en cuanto al tratamiento de datos personales y a la libre circulaci\u00f3n de estos datos, te informamos a continuaci\u00f3n sobre los tratamientos de datos de car\u00e1cter personal a trav\u00e9s del presente sitio web.<\/p>\n\n\n\n<p><strong>Informaci\u00f3n sobre el responsable del tratamiento de los datos personales<\/strong><\/p>\n\n\n\n<p>Lo primero de todo es decirte que esta web, comunicativo.es, es parte de un proyecto m\u00e1s grande, pero todo est\u00e1 bajo mi marca personal, samukortajarena.com, por lo que los datos del responsable son los mismos en ambas webs, si te has le\u00eddo la original esta no cambia casi nada.<strong><br><\/strong>A continuaci\u00f3n tienes mis datos de informaci\u00f3n general para que t\u00fa, como usuario tengas claro que el responsable de lo que diga esta web soy yo (excepto en caso de que me hackeen la web algun pirata de bangladesh y se ponga a ofrecer mujeres por correspondencia):<\/p>\n\n\n\n<p><strong>RESPONSABLE DEL TRATAMIENTO<\/strong><\/p>\n\n\n\n<p>Samuel Seva, (en adelante RESPONSABLE DEL TRATAMIENTO)<\/p>\n\n\n\n<p>NIF: 44762969-R<\/p>\n\n\n\n<p>Domicilio a estos efectos: calle Hortensia 22, 03114, Alicante.<\/p>\n\n\n\n<p>Tel\u00e9fono: 691080600<\/p>\n\n\n\n<p>Direcci\u00f3n correo electr\u00f3nico: soporte@samukortajarena.com<\/p>\n\n\n\n<p>Web: https:\/\/samukortajarena.com y https:\/\/comunicativo.es<\/p>\n\n\n\n<p>La presente Pol\u00edtica de Privacidad ser\u00e1 v\u00e1lida \u00fanicamente para los datos de car\u00e1cter personal obtenidos en el sitio web, no siendo aplicable para aquella informaci\u00f3n recabada por terceros en otras p\u00e1ginas web, incluso si \u00e9stas se encuentran enlazadas por el sitio web.<\/p>\n\n\n\n<p>Con ello como RESPONSABLE DEL TRATAMIENTO manifiesto el compromiso por mantener y garantizar las relaciones establecidas de forma segura mediante la protecci\u00f3n de los datos personales y garantizando el derecho a la privacidad de cada uno de los usuarios de nuestro sitio web.<\/p>\n\n\n\n<p>Como RESPONSABLE DEL TRATAMIENTO te informo que tenemos implantadas las medidas de seguridad de \u00edndole t\u00e9cnica y organizativas necesarias para garantizar la seguridad de tus datos de car\u00e1cter personal y evitar su alteraci\u00f3n, p\u00e9rdida y tratamiento y\/o acceso no autorizado, habida cuenta del estado de la tecnolog\u00eda, la naturaleza de los datos almacenados y los riesgos a que est\u00e1n expuestos, ya provengan de la acci\u00f3n humana o del medio f\u00edsico o natural. Todo ello de conformidad con lo previsto en el RGPD.<\/p>\n\n\n\n<p><strong>\u00bfQu\u00e9 son los datos personales?<br><\/strong>Es cualquier informaci\u00f3n relativa a tu persona f\u00edsica que nos facilitas cuando visitas nuestro sitio web, en nuestro caso:<\/p>\n\n\n\n<p>Datos recabados en los servicios del formulario \u201cSuscr\u00edbete a la newsletter\u201d: nombre, correo electr\u00f3nico.<br>Categor\u00eda de los datos recabados: Los datos personales recabados son datos identificativos que en ning\u00fan caso tienen la consideraci\u00f3n de categor\u00edas especiales de datos ni datos relativos a condenas o infracciones penales.<\/p>\n\n\n\n<p>Los campos de diferentes formularios del sitio web establecidos como de cumplimentaci\u00f3n obligatoria, ser\u00e1n imprescindibles para poder atender tu solicitud, en caso de que los hubiera, que no creo.<\/p>\n\n\n\n<p>El no facilitar los datos personales solicitados o el no aceptar la presente pol\u00edtica de privacidad supone la imposibilidad de suscribirse, registrarse o recibir informaci\u00f3n de la plataforma.<\/p>\n\n\n\n<p><strong>Responsabilidad del usuario: <\/strong> Pues hombre se supone que debes dar informaci\u00f3n correcta y  veraz.  Es decir que si te suscribes a la newsletter y me pones como nombre pepito grillo o jessica rabbit es posible que te de de baja sin miramiento. Porque no es muy serio ser CEO y andar mareando al personal. <\/p>\n\n\n\n<p>Por lo tanto al proporcionar la informaci\u00f3n solicitada declaras de forma expresa, que te encuentras legitimado para hacerlo y te obligas a proporcionar informaci\u00f3n veraz, exacta y completa de tus datos, siendo, en caso contrario, el \u00fanico responsable del incumplimiento de dicha obligaci\u00f3n y manteniendo actualizada la informaci\u00f3n proporcionada, cosa que podr\u00e1s hacer remitiendo un correo electr\u00f3nico a soporte@samukortajarena.com o a trav\u00e9s de las funcionalidades que se pongan a tu disposici\u00f3n.<\/p>\n\n\n\n<p><strong>Menores de edad: <\/strong>Mira a mi me da igual, pero si eres menor de edad ded\u00edcate a estudiar y a aprender a tocar la guitarra. Y no andes en p\u00e1ginas de gente seria que gana millones de euros.<\/p>\n\n\n\n<p>\u00bfQu\u00e9 ocurre en el caso de que seas menor y quieras suscribirte? En este supuesto, ser\u00e1 condici\u00f3n obligatoria el consentimiento de tus padres o tutores para que podamos tratar sus datos personales. <strong>Advertencia<\/strong>: Si eres menor de edad y no has obtenido el consentimiento de tus padres, no puedes registrarte en el sitio web ni suscribirte a la newsletter, por lo que procederemos a denegar tu solicitud en caso de tener constancia de ello.<\/p>\n\n\n\n<p><strong>Finalidad y legitimaci\u00f3n (base jur\u00eddica) para el tratamiento de los datos personales<br><\/strong>samukortajarena.com tratar\u00e1 los datos personales recabados que voluntariamente est\u00e1s facilitando, con las siguientes finalidades y legitimaci\u00f3n (base jur\u00eddica para el tratamiento de tus datos):<\/p>\n\n\n\n<p>En el caso de rellenar alguno de los formularios de contacto o solicitud de informaci\u00f3n se atender\u00e1 la consulta realizada sobre la base jur\u00eddica del inter\u00e9s leg\u00edtimo de soysamukortajarena.com de atender la solicitud de informaci\u00f3n as\u00ed como el consentimiento consentimiento informado, libre, espec\u00edfico e inequ\u00edvoco por ti prestado, salvo que te opongas a ello en cualquier momento.<br>En el caso de dejar un comentario en el blog para moderar y publicar tu comentario en el blog con tu nombre. En ning\u00fan caso se publicar\u00e1 tu direcci\u00f3n de correo electr\u00f3nico, ni tu direcci\u00f3n web. La base jur\u00eddica es el inter\u00e9s leg\u00edtimo de soysamukortajarena.com de atender tu solicitud de publicar un comentario as\u00ed como el consentimiento informado, libre, espec\u00edfico e inequ\u00edvoco por ti prestado, salvo que te opongas a ello en cualquier momento. Aunque en el caso de que active la opci\u00f3n del blog es posible que no haya posibilidad de dejar comentarios.<\/p>\n\n\n\n<p><br>Asimismo, todos los datos recogidos son necesarios para la prestaci\u00f3n del servicio. No obstante, aquellos datos del formulario que est\u00e9n marcados con un asterisco (*) ser\u00e1n obligatorios. En el caso de que los datos obligatorios no fueran facilitados a soysamukortajarena.com, me reservo el derecho de no atender la solicitud o de denegarla si as\u00ed lo considero conveniente.<\/p>\n\n\n\n<p>Segmentaci\u00f3n con fines comerciales: La segmentaci\u00f3n es una pr\u00e1ctica consistente en establecer perfiles de usuarios para la remisi\u00f3n de la informaci\u00f3n solicitada de forma m\u00e1s personalizada y acorde a los intereses indicados por esos usuarios.<\/p>\n\n\n\n<p>De igual forma, en caso de que hayas consentido el env\u00edo de comunicaciones comerciales, dicha segmentaci\u00f3n permitir\u00e1 que las mismas sean acordes a los intereses mostrados por ti durante tu navegaci\u00f3n. En este caso el formulario de la newsletter te incluir\u00e1 en la base de datos de una newsletter que est\u00e1 pensada espec\u00edficamente para explicar el valor de la comunicaci\u00f3n a equipos directivos y perfiles de CEO de empresas B2B y B2C.<\/p>\n\n\n\n<p>En ning\u00fan caso, la elaboraci\u00f3n de esos perfiles supondr\u00e1 la adopci\u00f3n de decisiones individuales automatizadas que produzcan efectos jur\u00eddicos sobre el interesado o le afecten significativamente de modo similar.<\/p>\n\n\n\n<p>La base jur\u00eddica de dicho tratamiento se encuentra en el inter\u00e9s leg\u00edtimo de soysamukortajarena.com para mercadotecnia directa. Te recordamos que est\u00e1s facultado a oponerte a dicho tratamiento de segmentaci\u00f3n para fines comerciales en cualquier momento. O sea que puedes decidir no entrar en la newsletter, pero que si entras lo normal es que recibas alg\u00fan email y que en ocasiones te ofrezca mis servicios.<\/p>\n\n\n\n<p><strong>\u00bfPor cu\u00e1nto tiempo se conservan los datos personales recabados?<br><\/strong>Los datos personales proporcionados se conservar\u00e1n mientras exista un inter\u00e9s mutuo para mantener la finalidad del tratamiento y durante el plazo por el cual pudieran derivarse responsabilidades por los servicios prestados al interesado. <\/p>\n\n\n\n<p>Cuando ya no sea necesario para tales fines, se suprimir\u00e1n con las medidas de seguridad adecuadas para garantizar la pseudonimizaci\u00f3n de los datos o la destrucci\u00f3n total de los mismos.<\/p>\n\n\n\n<p>En el caso de la newsletter te puedes dar de baja en cada email con el enlace que encontrar\u00e1s al final y en el momento que lo hagas destruir\u00e9 tus datos lanz\u00e1ndolos al fuego de Mordor junto con el anillo \u00fanico y Gollum.<\/p>\n\n\n\n<p><strong>Destinatarios<\/strong><br>Los datos no se comunicar\u00e1n a ning\u00fan tercero ajeno a soysamukortajarena.com, salvo obligaci\u00f3n legal o que nos prestes tu consentimiento informado, libre, espec\u00edfico e inequ\u00edvoco a tal fin.<\/p>\n\n\n\n<p>Los datos recabados mediante los formularios de servicio.<\/p>\n\n\n\n<p>Te informo que ocasionalmente utilizo los servicios de Calendy, software de programaci\u00f3n de reuniones (puedes leer su pol\u00edtica de privacidad https:\/\/calendly.com\/es\/privacy ) y los servicios de mensajer\u00eda instant\u00e1nea a trav\u00e9s de la aplicaci\u00f3n Whatsapp (puedes leer su pol\u00edtica de privacidad https:\/\/faq.whatsapp.com\/general\/security-and-privacy\/were-updating-our-terms-and-privacy-policy\/?lang=es_pe )<\/p>\n\n\n\n<p><strong>Encargados del tratamiento:<\/strong> Como ENCARGADOS DEL TRATAMIENTO que pueden tener acceso a tus datos personales, soysamukortajarena.com tiene contratados los siguientes proveedores de servicios, que se han comprometido al cumplimiento de las disposiciones normativas de aplicaci\u00f3n en materia de protecci\u00f3n de datos en el momento de su contrataci\u00f3n:<\/p>\n\n\n\n<p><strong>Calendy<\/strong>, que presta los servicios de software de programaci\u00f3n de reuniones. Pol\u00edtica de privacidad y dem\u00e1s aspectos legales de dicha compa\u00f1\u00eda en el siguiente enlace: https:\/\/calendly.com\/es\/privacy<\/p>\n\n\n\n<p><strong>Google LLC<\/strong>, con domicilio en 1600 Amphitheatre Parkway, 94043, Mountain View (California), Estados Unidos, que presta los servicios de GSuite, consistentes en servicios de computaci\u00f3n en la nube y de correo electr\u00f3nico. Pol\u00edtica de privacidad y dem\u00e1s aspectos legales de dicha compa\u00f1\u00eda en el siguiente enlace: https:\/\/www.google.com\/intl\/es\/policies\/privacy\/<br>Google participa y ha certificado su cumplimiento con el marco del acuerdo entre EE.UU. y la Uni\u00f3n Europea denominado Privacy Shield, habi\u00e9ndose comprometido a someter toda la informaci\u00f3n personal recibida de pa\u00edses miembros de la Uni\u00f3n Europea a los principios derivados del Privacy Shield. Adhesi\u00f3n de Google al Privacy Shield: https:\/\/www.privacyshield.gov\/participant?id=a2zt000000001L5AAI&amp;status=Active<\/p>\n\n\n\n<p>M\u00e1s informaci\u00f3n acerca del Privacy Shield en la web del Departamento de Comercio de los EE.UU.: https:\/\/www.privacyshield.gov\/welcome\/<\/p>\n\n\n\n<p>Puede ver la pol\u00edtica de privacidad de Meta Platforms Ireland Limited en https:\/\/www.facebook.com\/policies\/cookies\/<\/p>\n\n\n\n<p><strong>Procedencia de tus datos<br><\/strong>Los datos de car\u00e1cter personal que utiliza soysamukortajarena.com, proceden del propio interesado.<\/p>\n\n\n\n<p>\u00bfQu\u00e9 categor\u00edas de datos manejamos?<\/p>\n\n\n\n<p>Las categor\u00edas de datos de car\u00e1cter personal que te podemos solicitar:<\/p>\n\n\n\n<p>Datos de identificaci\u00f3n:<\/p>\n\n\n\n<ul class=\"wp-block-list\">\n<li>Nombre<\/li>\n\n\n\n<li>Apellidos<\/li>\n\n\n\n<li>Direcci\u00f3n electr\u00f3nica<\/li>\n\n\n\n<li>Tel\u00e9fono<\/li>\n<\/ul>\n\n\n\n<p>samukortajarena.com, no trata datos especialmente protegidos aunque en los formularios de contacto pueden haber preguntas que debas responder para cualificar tu inter\u00e9s o ideonidad como potencial cliente de un producto o servicio.<\/p>\n\n\n\n<p><strong>Redes Sociales<br><\/strong>samukortajarena.com, cuenta con perfil en algunas de las principales redes sociales de Internet, siendo responsable en relaci\u00f3n con los contenidos publicados por samukortajarena.com.<\/p>\n\n\n\n<p>En ning\u00fan caso samukortajarena.com, extraer\u00e1 datos de las redes sociales para enviar publicidad de manera individual.<\/p>\n\n\n\n<p>En ning\u00fan caso samukortajarena.com se hace responsable del uso que como usuario de la red social hagas dado que al darte de alta en la red social, lo haces aceptando las condiciones propias de la red social y accedes a la red social de soysamukortajarena.com con tu perfil.<\/p>\n\n\n\n<p><strong>Derechos<\/strong><br>Como interesado que nos has proporcionado tus datos personales, est\u00e1s facultado para ejercitar los derechos que la normativa en materia de protecci\u00f3n de datos te reconoce de forma expresa, conforme a lo previsto en la misma.<\/p>\n\n\n\n<p>Estos son los derechos que se pueden desempe\u00f1ar en relaci\u00f3n con tus datos personales:<\/p>\n\n\n\n<ul class=\"wp-block-list\">\n<li>Derecho de acceso; Derecho a conocer qu\u00e9 datos tuyos estamos tratando<\/li>\n\n\n\n<li>Derecho de revocaci\u00f3n del consentimiento; Derecho a retirar el consentimiento en cualquier momento cuando nos hayas dado autorizaci\u00f3n para tratar tus datos<\/li>\n\n\n\n<li>Derecho de rectificaci\u00f3n; Derecho que rectifican o complementan tus datos si estos son inexactos<\/li>\n\n\n\n<li>Derecho de oposici\u00f3n; Derecho a oponerte a aquellos tratamientos basados en inter\u00e9s leg\u00edtimo<\/li>\n\n\n\n<li>Derecho de supresi\u00f3n; Derecho a que eliminemos tus datos cuando ya no sean necesarios para las finalidades para las que fueron recogidos<\/li>\n\n\n\n<li>Derecho de limitaci\u00f3n; Derecho que limita el tratamiento de tus datos (en determinados supuestos, expresamente previstos en la normativa)<\/li>\n\n\n\n<li>Derecho de portabilidad; Derecho que te entreguemos tus datos para que puedas transmitirlas a otro responsable<\/li>\n<\/ul>\n\n\n\n<p><br>Podr\u00e1s ejercer tales derechos solicitando por cualquier medio que deje constancia de su env\u00edo y de su recepci\u00f3n, expresando claramente tu voluntad en tal sentido y, en su caso, acompa\u00f1ando copia del DNI y\/o cualquier otra documentaci\u00f3n acreditativa de tu identidad, dirigi\u00e9ndote a la direcci\u00f3n de correo electr\u00f3nico soporte@samukortajarena.com<\/p>\n\n\n\n<p>Tambi\u00e9n tienes derecho a presentar una reclamaci\u00f3n ante la autoridad de control si considera que pueden haberse visto vulnerados sus derechos en relaci\u00f3n a la protecci\u00f3n de sus datos ante la Agencia Espa\u00f1ola de Protecci\u00f3n de Datos (AEPD), en la calle Jorge Juan, 6, 28001-Madrid o a trav\u00e9s de la sede electr\u00f3nica de la AEPD: <a href=\"https:\/\/sedeagpd.gob.es\/sede-electronica-web\">https:\/\/sedeagpd.gob.es\/sede-electronica-web<\/a><\/p>\n\n\n\n<p><strong>Modificaci\u00f3n de la Pol\u00edtica de privacidad<br><\/strong>samukortajarena.com se reserva el derecho a modificar la presente pol\u00edtica de privacidad para adaptarla a novedades legislativas o jurisprudenciales o cuando cambie alguna situaci\u00f3n o circunstancia. El Usuario, para cualquier aspecto relacionado con esta pol\u00edtica de privacidad, puede ponerse en contacto en la direcci\u00f3n de correo electr\u00f3nico soysamukortajarena.com.<\/p>\n\n\n\n<p>Para acabar te recuerdo que la pol\u00edtica de privacidad funciona as\u00ed:<\/p>\n\n\n\n<p>Yo estoy obligado a tenerla y mantenerla y t\u00fa a leerla. Y hasta aqu\u00ed el tocho legal.<\/p>\n\n\n\n<p><\/p>\n","protected":false},"excerpt":{"rendered":"<p>Muchas gracias por pasarte a leer este tocho, eso significa que tus datos te importan, y quieres conocer el destino de los mismos y qui\u00e9n los recoge, as\u00ed que aunque es algo legal y aburrido el hecho de que lo leas para m\u00ed ya es importante. De conformidad con lo dispuesto en el Reglamento general&hellip;&nbsp;<a href=\"https:\/\/comunicativo.es\/?page_id=3\" rel=\"bookmark\"><span class=\"screen-reader-text\">Pol\u00edtica de privacidad.<\/span><\/a><\/p>\n","protected":false},"author":2,"featured_media":0,"parent":8,"menu_order":0,"comment_status":"closed","ping_status":"closed","template":"","meta":{"neve_meta_sidebar":"","neve_meta_container":"","neve_meta_enable_content_width":"","neve_meta_content_width":0,"neve_meta_title_alignment":"","neve_meta_author_avatar":"","neve_post_elements_order":"","neve_meta_disable_header":"","neve_meta_disable_footer":"","neve_meta_disable_title":"","footnotes":""},"class_list":["post-3","page","type-page","status-publish","hentry"],"_links":{"self":[{"href":"https:\/\/comunicativo.es\/index.php?rest_route=\/wp\/v2\/pages\/3","targetHints":{"allow":["GET"]}}],"collection":[{"href":"https:\/\/comunicativo.es\/index.php?rest_route=\/wp\/v2\/pages"}],"about":[{"href":"https:\/\/comunicativo.es\/index.php?rest_route=\/wp\/v2\/types\/page"}],"author":[{"embeddable":true,"href":"https:\/\/comunicativo.es\/index.php?rest_route=\/wp\/v2\/users\/2"}],"replies":[{"embeddable":true,"href":"https:\/\/comunicativo.es\/index.php?rest_route=%2Fwp%2Fv2%2Fcomments&post=3"}],"version-history":[{"count":1,"href":"https:\/\/comunicativo.es\/index.php?rest_route=\/wp\/v2\/pages\/3\/revisions"}],"predecessor-version":[{"id":79,"href":"https:\/\/comunicativo.es\/index.php?rest_route=\/wp\/v2\/pages\/3\/revisions\/79"}],"up":[{"embeddable":true,"href":"https:\/\/comunicativo.es\/index.php?rest_route=\/wp\/v2\/pages\/8"}],"wp:attachment":[{"href":"https:\/\/comunicativo.es\/index.php?rest_route=%2Fwp%2Fv2%2Fmedia&parent=3"}],"curies":[{"name":"wp","href":"https:\/\/api.w.org\/{rel}","templated":true}]}}